{"id":65,"date":"2024-08-03T05:55:15","date_gmt":"2024-08-03T05:55:15","guid":{"rendered":"https:\/\/www.onlineengineerteaching.com\/?page_id=65"},"modified":"2024-10-15T08:37:56","modified_gmt":"2024-10-15T08:37:56","slug":"home","status":"publish","type":"page","link":"https:\/\/www.onlineengineerteaching.com\/fr\/","title":{"rendered":"Accueil"},"content":{"rendered":"<div data-elementor-type=\"wp-page\" data-elementor-id=\"65\" class=\"elementor elementor-65\">\n\t\t\t\t<div class=\"elementor-element elementor-element-f81247b e-flex e-con-boxed e-con e-parent\" data-id=\"f81247b\" data-element_type=\"container\" data-e-type=\"container\">\n\t\t\t\t\t<div class=\"e-con-inner\">\n\t\t<div class=\"elementor-element elementor-element-98a1127 e-con-full e-flex e-con e-child\" data-id=\"98a1127\" data-element_type=\"container\" data-e-type=\"container\">\n\t\t\t\t<div class=\"elementor-element elementor-element-3d9fc28 elementor-widget elementor-widget-heading\" data-id=\"3d9fc28\" data-element_type=\"widget\" data-e-type=\"widget\" data-widget_type=\"heading.default\">\n\t\t\t\t<div class=\"elementor-widget-container\">\n\t\t\t\t\t<h2 class=\"elementor-heading-title elementor-size-default\">Le D\u00e9but de Votre R\u00e9ussite <br> Commence ici<\/h2>\t\t\t\t<\/div>\n\t\t\t\t<\/div>\n\t\t\t\t<\/div>\n\t\t<div class=\"elementor-element elementor-element-7dcd365 e-con-full e-flex e-con e-child\" data-id=\"7dcd365\" data-element_type=\"container\" data-e-type=\"container\">\n\t\t\t\t<div class=\"elementor-element elementor-element-81e583e elementor-widget elementor-widget-image\" data-id=\"81e583e\" data-element_type=\"widget\" data-e-type=\"widget\" data-widget_type=\"image.default\">\n\t\t\t\t<div class=\"elementor-widget-container\">\n\t\t\t\t\t\t\t\t\t\t\t\t\t\t\t<img fetchpriority=\"high\" decoding=\"async\" width=\"1024\" height=\"682\" src=\"https:\/\/www.onlineengineerteaching.com\/wp-content\/uploads\/2024\/08\/graduation_caps-scaled-1-1024x682.jpg\" class=\"attachment-large size-large wp-image-15\" alt=\"\" srcset=\"https:\/\/www.onlineengineerteaching.com\/wp-content\/uploads\/2024\/08\/graduation_caps-scaled-1-1024x682.jpg 1024w, https:\/\/www.onlineengineerteaching.com\/wp-content\/uploads\/2024\/08\/graduation_caps-scaled-1-300x200.jpg 300w, https:\/\/www.onlineengineerteaching.com\/wp-content\/uploads\/2024\/08\/graduation_caps-scaled-1-768x512.jpg 768w, https:\/\/www.onlineengineerteaching.com\/wp-content\/uploads\/2024\/08\/graduation_caps-scaled-1-1536x1024.jpg 1536w, https:\/\/www.onlineengineerteaching.com\/wp-content\/uploads\/2024\/08\/graduation_caps-scaled-1-2048x1365.jpg 2048w, https:\/\/www.onlineengineerteaching.com\/wp-content\/uploads\/2024\/08\/graduation_caps-scaled-1-600x400.jpg 600w\" sizes=\"(max-width: 1024px) 100vw, 1024px\" \/>\t\t\t\t\t\t\t\t\t\t\t\t\t\t\t<\/div>\n\t\t\t\t<\/div>\n\t\t\t\t<\/div>\n\t\t\t\t\t<\/div>\n\t\t\t\t<\/div>\n\t\t<div class=\"elementor-element elementor-element-c1dc740 e-con-full e-flex e-con e-parent\" data-id=\"c1dc740\" data-element_type=\"container\" data-e-type=\"container\">\n\t\t\t\t<div class=\"elementor-element elementor-element-da7d391 elementor-align-center elementor-widget__width-inherit elementor-widget elementor-widget-button\" data-id=\"da7d391\" data-element_type=\"widget\" data-e-type=\"widget\" data-widget_type=\"button.default\">\n\t\t\t\t<div class=\"elementor-widget-container\">\n\t\t\t\t\t\t\t\t\t<div class=\"elementor-button-wrapper\">\n\t\t\t\t\t<a class=\"elementor-button elementor-button-link elementor-size-sm\" href=\"https:\/\/www.onlineengineerteaching.com\/fr\/courses\/\">\n\t\t\t\t\t\t<span class=\"elementor-button-content-wrapper\">\n\t\t\t\t\t\t\t\t\t<span class=\"elementor-button-text\">Consulter nos cours<\/span>\n\t\t\t\t\t<\/span>\n\t\t\t\t\t<\/a>\n\t\t\t\t<\/div>\n\t\t\t\t\t\t\t\t<\/div>\n\t\t\t\t<\/div>\n\t\t\t\t<\/div>\n\t\t<div class=\"elementor-element elementor-element-0461f12 e-flex e-con-boxed e-con e-parent\" data-id=\"0461f12\" data-element_type=\"container\" data-e-type=\"container\">\n\t\t\t\t\t<div class=\"e-con-inner\">\n\t\t\t\t<div class=\"elementor-element elementor-element-b8abe53 elementor-widget elementor-widget-heading\" data-id=\"b8abe53\" data-element_type=\"widget\" data-e-type=\"widget\" data-widget_type=\"heading.default\">\n\t\t\t\t<div class=\"elementor-widget-container\">\n\t\t\t\t\t<h2 class=\"elementor-heading-title elementor-size-default\">TOUS NIVEAUX, <br>Plusieurs Langues parl\u00e9es, Grande Exp\u00e9rience, Qualit\u00e9 de nos profils, Excellence de nos dipl\u00f4mes, R\u00e9activit\u00e9 de reponse,\net vos r\u00e9sultats garantis<\/h2>\t\t\t\t<\/div>\n\t\t\t\t<\/div>\n\t\t\t\t<div class=\"elementor-element elementor-element-13d51b5 elementor-widget elementor-widget-text-editor\" data-id=\"13d51b5\" data-element_type=\"widget\" data-e-type=\"widget\" data-widget_type=\"text-editor.default\">\n\t\t\t\t<div class=\"elementor-widget-container\">\n\t\t\t\t\t\t\t\t\t<p>Professeurs-Ingenieurs passionn\u00e9s, qui ont amen\u00e9 au succ\u00e8s des \u00e9l\u00e8ves d\u00e9courag\u00e9s se croyant nuls, qui ne voulaient m\u00eame plus aller en cours.<br \/>Notre passion pour: Math\u00e9matique, Physique, Chimie, Electromagn\u00e9tisme, Electrotechnique, Automatisme, Robotisation, Optique, Informatique..mati\u00e8res scientifiques transmises par nos meilleurs anciens Professeurs, Ma\u00eetres qui nous ont inspir\u00e9s, captiv\u00e9s, qui nous ont donn\u00e9 envie de suivre leur chemin et d'\u00eatre convaincus de l'importance capitale de partager nos connaissances et ainsi que notre p\u00e9dagogie innovatrice, s'adaptant \u00e0 l'univers de chaque \u00e9leve quelque soit sont parcours, sa difference,son potentiel de concentratioon et sa fa\u00e7on d'apprendre.<br \/>Ce talent appris de nos Anciens en les regardant faire, fait que nous avons acquis la capacit\u00e9 \u00e0 rendre simple tout concept, d\u00e9monstration ou probl\u00e8me complexe. Nous avons eu la chance d'aider grand nombre d'\u00e9l\u00e8ves de profils divers,arrivant d'horizons tr\u00e8s diff\u00e9rents, qui ont avec nous tous r\u00e9ussi et surtout qui font ce qu'ils aiment,qui nous envoient toujours des petits messages, mais notre plus belle r\u00e9compence est de les savoir heureux.<\/p>\t\t\t\t\t\t\t\t<\/div>\n\t\t\t\t<\/div>\n\t\t\t\t\t<\/div>\n\t\t\t\t<\/div>\n\t\t\t\t<\/div>","protected":false},"excerpt":{"rendered":"<p>The Beginning of Your Ascent Begins Here View our Courses ALL LEVELS, Multiple languages spoken Great Experience, Quality of our [&hellip;]<\/p>\n","protected":false},"author":1,"featured_media":0,"parent":0,"menu_order":0,"comment_status":"closed","ping_status":"closed","template":"","meta":{"site-sidebar-layout":"no-sidebar","site-content-layout":"","ast-site-content-layout":"full-width-container","site-content-style":"default","site-sidebar-style":"default","ast-global-header-display":"","ast-banner-title-visibility":"","ast-main-header-display":"","ast-hfb-above-header-display":"","ast-hfb-below-header-display":"","ast-hfb-mobile-header-display":"","site-post-title":"disabled","ast-breadcrumbs-content":"","ast-featured-img":"disabled","footer-sml-layout":"","ast-disable-related-posts":"","theme-transparent-header-meta":"","adv-header-id-meta":"","stick-header-meta":"","header-above-stick-meta":"","header-main-stick-meta":"","header-below-stick-meta":"","astra-migrate-meta-layouts":"default","ast-page-background-enabled":"default","ast-page-background-meta":{"desktop":{"background-color":"var(--ast-global-color-4)","background-image":"","background-repeat":"repeat","background-position":"center center","background-size":"auto","background-attachment":"scroll","background-type":"","background-media":"","overlay-type":"","overlay-color":"","overlay-opacity":"","overlay-gradient":""},"tablet":{"background-color":"","background-image":"","background-repeat":"repeat","background-position":"center center","background-size":"auto","background-attachment":"scroll","background-type":"","background-media":"","overlay-type":"","overlay-color":"","overlay-opacity":"","overlay-gradient":""},"mobile":{"background-color":"","background-image":"","background-repeat":"repeat","background-position":"center center","background-size":"auto","background-attachment":"scroll","background-type":"","background-media":"","overlay-type":"","overlay-color":"","overlay-opacity":"","overlay-gradient":""}},"ast-content-background-meta":{"desktop":{"background-color":"var(--ast-global-color-5)","background-image":"","background-repeat":"repeat","background-position":"center center","background-size":"auto","background-attachment":"scroll","background-type":"","background-media":"","overlay-type":"","overlay-color":"","overlay-opacity":"","overlay-gradient":""},"tablet":{"background-color":"var(--ast-global-color-5)","background-image":"","background-repeat":"repeat","background-position":"center center","background-size":"auto","background-attachment":"scroll","background-type":"","background-media":"","overlay-type":"","overlay-color":"","overlay-opacity":"","overlay-gradient":""},"mobile":{"background-color":"var(--ast-global-color-5)","background-image":"","background-repeat":"repeat","background-position":"center center","background-size":"auto","background-attachment":"scroll","background-type":"","background-media":"","overlay-type":"","overlay-color":"","overlay-opacity":"","overlay-gradient":""}},"footnotes":""},"folder":[],"class_list":["post-65","page","type-page","status-publish","hentry"],"_links":{"self":[{"href":"https:\/\/www.onlineengineerteaching.com\/fr\/wp-json\/wp\/v2\/pages\/65"}],"collection":[{"href":"https:\/\/www.onlineengineerteaching.com\/fr\/wp-json\/wp\/v2\/pages"}],"about":[{"href":"https:\/\/www.onlineengineerteaching.com\/fr\/wp-json\/wp\/v2\/types\/page"}],"author":[{"embeddable":true,"href":"https:\/\/www.onlineengineerteaching.com\/fr\/wp-json\/wp\/v2\/users\/1"}],"replies":[{"embeddable":true,"href":"https:\/\/www.onlineengineerteaching.com\/fr\/wp-json\/wp\/v2\/comments?post=65"}],"version-history":[{"count":20,"href":"https:\/\/www.onlineengineerteaching.com\/fr\/wp-json\/wp\/v2\/pages\/65\/revisions"}],"predecessor-version":[{"id":202,"href":"https:\/\/www.onlineengineerteaching.com\/fr\/wp-json\/wp\/v2\/pages\/65\/revisions\/202"}],"wp:attachment":[{"href":"https:\/\/www.onlineengineerteaching.com\/fr\/wp-json\/wp\/v2\/media?parent=65"}],"wp:term":[{"taxonomy":"folder","embeddable":true,"href":"https:\/\/www.onlineengineerteaching.com\/fr\/wp-json\/wp\/v2\/folder?post=65"}],"curies":[{"name":"wp","href":"https:\/\/api.w.org\/{rel}","templated":true}]}}