{"id":8,"date":"2024-08-02T08:03:50","date_gmt":"2024-08-02T08:03:50","guid":{"rendered":"https:\/\/www.onlineengineerteaching.com\/cart\/"},"modified":"2024-08-04T11:32:14","modified_gmt":"2024-08-04T11:32:14","slug":"cart","status":"publish","type":"page","link":"https:\/\/www.onlineengineerteaching.com\/fr\/cart\/","title":{"rendered":"Panier"},"content":{"rendered":"<div data-block-name=\"woocommerce\/cart\" class=\"wp-block-woocommerce-cart alignwide is-loading\">\n<div data-block-name=\"woocommerce\/filled-cart-block\" class=\"wp-block-woocommerce-filled-cart-block\">\n<div data-block-name=\"woocommerce\/cart-items-block\" class=\"wp-block-woocommerce-cart-items-block\">\n<div data-block-name=\"woocommerce\/cart-line-items-block\" class=\"wp-block-woocommerce-cart-line-items-block\"><\/div>\n\n\n\n<div data-block-name=\"woocommerce\/cart-cross-sells-block\" class=\"wp-block-woocommerce-cart-cross-sells-block\">\n<h2 class=\"wp-block-heading has-large-font-size\">Vous \u00eates peut-\u00eatre int\u00e9ress\u00e9 par...<\/h2>\n\n\n\n<div data-block-name=\"woocommerce\/cart-cross-sells-products-block\" class=\"wp-block-woocommerce-cart-cross-sells-products-block\"><\/div>\n<\/div>\n<\/div>\n\n\n\n<div data-block-name=\"woocommerce\/cart-totals-block\" class=\"wp-block-woocommerce-cart-totals-block\">\n<div data-block-name=\"woocommerce\/cart-order-summary-block\" class=\"wp-block-woocommerce-cart-order-summary-block\">\n<div data-block-name=\"woocommerce\/cart-order-summary-heading-block\" class=\"wp-block-woocommerce-cart-order-summary-heading-block\"><\/div><div data-block-name=\"woocommerce\/cart-order-summary-coupon-form-block\" class=\"wp-block-woocommerce-cart-order-summary-coupon-form-block\"><\/div><div data-block-name=\"woocommerce\/cart-order-summary-totals-block\" class=\"wp-block-woocommerce-cart-order-summary-totals-block\">\n<div data-block-name=\"woocommerce\/cart-order-summary-subtotal-block\" class=\"wp-block-woocommerce-cart-order-summary-subtotal-block\"><\/div>\n<div data-block-name=\"woocommerce\/cart-order-summary-discount-block\" class=\"wp-block-woocommerce-cart-order-summary-discount-block\"><\/div>\n<div data-block-name=\"woocommerce\/cart-order-summary-fee-block\" class=\"wp-block-woocommerce-cart-order-summary-fee-block\"><\/div>\n<div data-block-name=\"woocommerce\/cart-order-summary-shipping-block\" class=\"wp-block-woocommerce-cart-order-summary-shipping-block\"><\/div>\n<div data-block-name=\"woocommerce\/cart-order-summary-taxes-block\" class=\"wp-block-woocommerce-cart-order-summary-taxes-block\"><\/div><\/div>\n<\/div>\n\n\n\n<div data-block-name=\"woocommerce\/cart-express-payment-block\" class=\"wp-block-woocommerce-cart-express-payment-block\"><\/div>\n\n\n\n<div data-block-name=\"woocommerce\/proceed-to-checkout-block\" class=\"wp-block-woocommerce-proceed-to-checkout-block\"><\/div>\n\n\n\n<div data-block-name=\"woocommerce\/cart-accepted-payment-methods-block\" class=\"wp-block-woocommerce-cart-accepted-payment-methods-block\"><\/div>\n<\/div>\n<\/div>\n\n\n\n<div data-block-name=\"woocommerce\/empty-cart-block\" class=\"wp-block-woocommerce-empty-cart-block\">\n<h2 class=\"wp-block-heading has-text-align-center with-empty-cart-icon wc-block-cart__empty-cart__title\">Your cart is currently empty!<\/h2>\n\n\n\n<hr class=\"wp-block-separator has-alpha-channel-opacity is-style-dots\" \/>\n\n\n\n<h2 class=\"wp-block-heading has-text-align-center\">New in store<\/h2>\n\n\n<div data-block-name=\"woocommerce\/product-new\" data-columns=\"4\" data-rows=\"1\" class=\"wc-block-grid wp-block-product-new wp-block-woocommerce-product-new wc-block-product-new has-4-columns\"><ul class=\"wc-block-grid__products\"><li class=\"wc-block-grid__product\">\n\t\t\t\t<a href=\"https:\/\/www.onlineengineerteaching.com\/fr\/produit\/fr-online-math\/\" class=\"wc-block-grid__product-link\">\n\t\t\t\t\t\n\t\t\t\t\t<div class=\"wc-block-grid__product-image\"><img fetchpriority=\"high\" decoding=\"async\" width=\"300\" height=\"300\" src=\"https:\/\/www.onlineengineerteaching.com\/wp-content\/uploads\/2024\/08\/MAths-Logo-300x300.jpg\" class=\"attachment-woocommerce_thumbnail size-woocommerce_thumbnail\" alt=\"Online Math Courses In French\" srcset=\"https:\/\/www.onlineengineerteaching.com\/wp-content\/uploads\/2024\/08\/MAths-Logo-300x300.jpg 300w, https:\/\/www.onlineengineerteaching.com\/wp-content\/uploads\/2024\/08\/MAths-Logo-150x150.jpg 150w, https:\/\/www.onlineengineerteaching.com\/wp-content\/uploads\/2024\/08\/MAths-Logo-768x768.jpg 768w, https:\/\/www.onlineengineerteaching.com\/wp-content\/uploads\/2024\/08\/MAths-Logo-600x600.jpg 600w, https:\/\/www.onlineengineerteaching.com\/wp-content\/uploads\/2024\/08\/MAths-Logo-100x100.jpg 100w, https:\/\/www.onlineengineerteaching.com\/wp-content\/uploads\/2024\/08\/MAths-Logo.jpg 900w\" sizes=\"(max-width: 300px) 100vw, 300px\" \/><\/div>\n\t\t\t\t\t<div class=\"wc-block-grid__product-title\">Cours de Maths en Ligne en Fran\u00e7ais<\/div>\n\t\t\t\t<\/a>\n\t\t\t\t<div class=\"wc-block-grid__product-price price\"><span class=\"woocommerce-Price-amount amount\" aria-hidden=\"true\">40,00&nbsp;<span class=\"woocommerce-Price-currencySymbol\">&euro;<\/span><\/span> <span aria-hidden=\"true\">&ndash;<\/span> <span class=\"woocommerce-Price-amount amount\" aria-hidden=\"true\">60,00&nbsp;<span class=\"woocommerce-Price-currencySymbol\">&euro;<\/span><\/span><span class=\"screen-reader-text\" data-no-translation=\"\" data-trp-gettext=\"\">Price range: 40,00&nbsp;&euro; through 60,00&nbsp;&euro;<\/span><\/div>\n\t\t\t\t\n\t\t\t\t<div class=\"wp-block-button wc-block-grid__product-add-to-cart\"><a href=\"https:\/\/www.onlineengineerteaching.com\/fr\/produit\/fr-online-math\/\" aria-label=\"S\u00e9lectionner les options pour \u201cOnline Math Courses In French\u201d\" data-quantity=\"1\" data-product_id=\"177\" data-product_sku=\"\" data-price=\"40\" rel=\"nofollow\" class=\"wp-block-button__link  add_to_cart_button\" data-no-translation=\"\" data-trp-gettext=\"\" data-no-translation-aria-label=\"\">Choix des options<\/a><\/div>\n\t\t\t<\/li><li class=\"wc-block-grid__product\">\n\t\t\t\t<a href=\"https:\/\/www.onlineengineerteaching.com\/fr\/produit\/fr-online-physics\/\" class=\"wc-block-grid__product-link\">\n\t\t\t\t\t\n\t\t\t\t\t<div class=\"wc-block-grid__product-image\"><img decoding=\"async\" width=\"300\" height=\"300\" src=\"https:\/\/www.onlineengineerteaching.com\/wp-content\/uploads\/2024\/08\/chimie-physique-300x300.webp\" class=\"attachment-woocommerce_thumbnail size-woocommerce_thumbnail\" alt=\"Online Physics Courses In French\" srcset=\"https:\/\/www.onlineengineerteaching.com\/wp-content\/uploads\/2024\/08\/chimie-physique-300x300.webp 300w, https:\/\/www.onlineengineerteaching.com\/wp-content\/uploads\/2024\/08\/chimie-physique-1024x1024.webp 1024w, https:\/\/www.onlineengineerteaching.com\/wp-content\/uploads\/2024\/08\/chimie-physique-150x150.webp 150w, https:\/\/www.onlineengineerteaching.com\/wp-content\/uploads\/2024\/08\/chimie-physique-768x768.webp 768w, https:\/\/www.onlineengineerteaching.com\/wp-content\/uploads\/2024\/08\/chimie-physique-1536x1536.webp 1536w, https:\/\/www.onlineengineerteaching.com\/wp-content\/uploads\/2024\/08\/chimie-physique-60x60.webp 60w, https:\/\/www.onlineengineerteaching.com\/wp-content\/uploads\/2024\/08\/chimie-physique-600x600.webp 600w, https:\/\/www.onlineengineerteaching.com\/wp-content\/uploads\/2024\/08\/chimie-physique-100x100.webp 100w, https:\/\/www.onlineengineerteaching.com\/wp-content\/uploads\/2024\/08\/chimie-physique.webp 1600w\" sizes=\"(max-width: 300px) 100vw, 300px\" \/><\/div>\n\t\t\t\t\t<div class=\"wc-block-grid__product-title\">Cours de Physique en Ligne en Fran\u00e7ais<\/div>\n\t\t\t\t<\/a>\n\t\t\t\t<div class=\"wc-block-grid__product-price price\"><span class=\"woocommerce-Price-amount amount\" aria-hidden=\"true\">40,00&nbsp;<span class=\"woocommerce-Price-currencySymbol\">&euro;<\/span><\/span> <span aria-hidden=\"true\">&ndash;<\/span> <span class=\"woocommerce-Price-amount amount\" aria-hidden=\"true\">60,00&nbsp;<span class=\"woocommerce-Price-currencySymbol\">&euro;<\/span><\/span><span class=\"screen-reader-text\" data-no-translation=\"\" data-trp-gettext=\"\">Price range: 40,00&nbsp;&euro; through 60,00&nbsp;&euro;<\/span><\/div>\n\t\t\t\t\n\t\t\t\t<div class=\"wp-block-button wc-block-grid__product-add-to-cart\"><a href=\"https:\/\/www.onlineengineerteaching.com\/fr\/produit\/fr-online-physics\/\" aria-label=\"S\u00e9lectionner les options pour \u201cOnline Physics Courses In French\u201d\" data-quantity=\"1\" data-product_id=\"163\" data-product_sku=\"\" data-price=\"40\" rel=\"nofollow\" class=\"wp-block-button__link  add_to_cart_button\" data-no-translation=\"\" data-trp-gettext=\"\" data-no-translation-aria-label=\"\">Choix des options<\/a><\/div>\n\t\t\t<\/li><li class=\"wc-block-grid__product\">\n\t\t\t\t<a href=\"https:\/\/www.onlineengineerteaching.com\/fr\/produit\/en-physics-online\/\" class=\"wc-block-grid__product-link\">\n\t\t\t\t\t\n\t\t\t\t\t<div class=\"wc-block-grid__product-image\"><img decoding=\"async\" width=\"300\" height=\"300\" src=\"https:\/\/www.onlineengineerteaching.com\/wp-content\/uploads\/2024\/08\/chimie-physique-300x300.webp\" class=\"attachment-woocommerce_thumbnail size-woocommerce_thumbnail\" alt=\"Online Physics Courses In English\" srcset=\"https:\/\/www.onlineengineerteaching.com\/wp-content\/uploads\/2024\/08\/chimie-physique-300x300.webp 300w, https:\/\/www.onlineengineerteaching.com\/wp-content\/uploads\/2024\/08\/chimie-physique-1024x1024.webp 1024w, https:\/\/www.onlineengineerteaching.com\/wp-content\/uploads\/2024\/08\/chimie-physique-150x150.webp 150w, https:\/\/www.onlineengineerteaching.com\/wp-content\/uploads\/2024\/08\/chimie-physique-768x768.webp 768w, https:\/\/www.onlineengineerteaching.com\/wp-content\/uploads\/2024\/08\/chimie-physique-1536x1536.webp 1536w, https:\/\/www.onlineengineerteaching.com\/wp-content\/uploads\/2024\/08\/chimie-physique-60x60.webp 60w, https:\/\/www.onlineengineerteaching.com\/wp-content\/uploads\/2024\/08\/chimie-physique-600x600.webp 600w, https:\/\/www.onlineengineerteaching.com\/wp-content\/uploads\/2024\/08\/chimie-physique-100x100.webp 100w, https:\/\/www.onlineengineerteaching.com\/wp-content\/uploads\/2024\/08\/chimie-physique.webp 1600w\" sizes=\"(max-width: 300px) 100vw, 300px\" \/><\/div>\n\t\t\t\t\t<div class=\"wc-block-grid__product-title\">Cours de Physique en Ligne en Anglais<\/div>\n\t\t\t\t<\/a>\n\t\t\t\t<div class=\"wc-block-grid__product-price price\"><span class=\"woocommerce-Price-amount amount\" aria-hidden=\"true\">40,00&nbsp;<span class=\"woocommerce-Price-currencySymbol\">&euro;<\/span><\/span> <span aria-hidden=\"true\">&ndash;<\/span> <span class=\"woocommerce-Price-amount amount\" aria-hidden=\"true\">60,00&nbsp;<span class=\"woocommerce-Price-currencySymbol\">&euro;<\/span><\/span><span class=\"screen-reader-text\" data-no-translation=\"\" data-trp-gettext=\"\">Price range: 40,00&nbsp;&euro; through 60,00&nbsp;&euro;<\/span><\/div>\n\t\t\t\t\n\t\t\t\t<div class=\"wp-block-button wc-block-grid__product-add-to-cart\"><a href=\"https:\/\/www.onlineengineerteaching.com\/fr\/produit\/en-physics-online\/\" aria-label=\"S\u00e9lectionner les options pour \u201cOnline Physics Courses In English\u201d\" data-quantity=\"1\" data-product_id=\"102\" data-product_sku=\"\" data-price=\"40\" rel=\"nofollow\" class=\"wp-block-button__link  add_to_cart_button\" data-no-translation=\"\" data-trp-gettext=\"\" data-no-translation-aria-label=\"\">Choix des options<\/a><\/div>\n\t\t\t<\/li><li class=\"wc-block-grid__product\">\n\t\t\t\t<a href=\"https:\/\/www.onlineengineerteaching.com\/fr\/produit\/en-math-online\/\" class=\"wc-block-grid__product-link\">\n\t\t\t\t\t\n\t\t\t\t\t<div class=\"wc-block-grid__product-image\"><img loading=\"lazy\" decoding=\"async\" width=\"300\" height=\"300\" src=\"https:\/\/www.onlineengineerteaching.com\/wp-content\/uploads\/2024\/08\/MAths-Logo-300x300.jpg\" class=\"attachment-woocommerce_thumbnail size-woocommerce_thumbnail\" alt=\"Online Math Courses In English\" srcset=\"https:\/\/www.onlineengineerteaching.com\/wp-content\/uploads\/2024\/08\/MAths-Logo-300x300.jpg 300w, https:\/\/www.onlineengineerteaching.com\/wp-content\/uploads\/2024\/08\/MAths-Logo-150x150.jpg 150w, https:\/\/www.onlineengineerteaching.com\/wp-content\/uploads\/2024\/08\/MAths-Logo-768x768.jpg 768w, https:\/\/www.onlineengineerteaching.com\/wp-content\/uploads\/2024\/08\/MAths-Logo-600x600.jpg 600w, https:\/\/www.onlineengineerteaching.com\/wp-content\/uploads\/2024\/08\/MAths-Logo-100x100.jpg 100w, https:\/\/www.onlineengineerteaching.com\/wp-content\/uploads\/2024\/08\/MAths-Logo.jpg 900w\" sizes=\"(max-width: 300px) 100vw, 300px\" \/><\/div>\n\t\t\t\t\t<div class=\"wc-block-grid__product-title\">Cours de Physique en Ligne en Anglais<\/div>\n\t\t\t\t<\/a>\n\t\t\t\t<div class=\"wc-block-grid__product-price price\"><span class=\"woocommerce-Price-amount amount\" aria-hidden=\"true\">40,00&nbsp;<span class=\"woocommerce-Price-currencySymbol\">&euro;<\/span><\/span> <span aria-hidden=\"true\">&ndash;<\/span> <span class=\"woocommerce-Price-amount amount\" aria-hidden=\"true\">60,00&nbsp;<span class=\"woocommerce-Price-currencySymbol\">&euro;<\/span><\/span><span class=\"screen-reader-text\" data-no-translation=\"\" data-trp-gettext=\"\">Price range: 40,00&nbsp;&euro; through 60,00&nbsp;&euro;<\/span><\/div>\n\t\t\t\t\n\t\t\t\t<div class=\"wp-block-button wc-block-grid__product-add-to-cart\"><a href=\"https:\/\/www.onlineengineerteaching.com\/fr\/produit\/en-math-online\/\" aria-label=\"S\u00e9lectionner les options pour \u201cOnline Math Courses In English\u201d\" data-quantity=\"1\" data-product_id=\"73\" data-product_sku=\"\" data-price=\"40\" rel=\"nofollow\" class=\"wp-block-button__link  add_to_cart_button\" data-no-translation=\"\" data-trp-gettext=\"\" data-no-translation-aria-label=\"\">Choix des options<\/a><\/div>\n\t\t\t<\/li><\/ul><\/div><\/div>\n<\/div>","protected":false},"excerpt":{"rendered":"","protected":false},"author":1,"featured_media":0,"parent":0,"menu_order":0,"comment_status":"closed","ping_status":"closed","template":"","meta":{"site-sidebar-layout":"default","site-content-layout":"","ast-site-content-layout":"default","site-content-style":"default","site-sidebar-style":"default","ast-global-header-display":"","ast-banner-title-visibility":"","ast-main-header-display":"","ast-hfb-above-header-display":"","ast-hfb-below-header-display":"","ast-hfb-mobile-header-display":"","site-post-title":"","ast-breadcrumbs-content":"","ast-featured-img":"","footer-sml-layout":"","ast-disable-related-posts":"","theme-transparent-header-meta":"","adv-header-id-meta":"","stick-header-meta":"","header-above-stick-meta":"","header-main-stick-meta":"","header-below-stick-meta":"","astra-migrate-meta-layouts":"default","ast-page-background-enabled":"default","ast-page-background-meta":{"desktop":{"background-color":"var(--ast-global-color-4)","background-image":"","background-repeat":"repeat","background-position":"center center","background-size":"auto","background-attachment":"scroll","background-type":"","background-media":"","overlay-type":"","overlay-color":"","overlay-opacity":"","overlay-gradient":""},"tablet":{"background-color":"","background-image":"","background-repeat":"repeat","background-position":"center center","background-size":"auto","background-attachment":"scroll","background-type":"","background-media":"","overlay-type":"","overlay-color":"","overlay-opacity":"","overlay-gradient":""},"mobile":{"background-color":"","background-image":"","background-repeat":"repeat","background-position":"center center","background-size":"auto","background-attachment":"scroll","background-type":"","background-media":"","overlay-type":"","overlay-color":"","overlay-opacity":"","overlay-gradient":""}},"ast-content-background-meta":{"desktop":{"background-color":"var(--ast-global-color-5)","background-image":"","background-repeat":"repeat","background-position":"center center","background-size":"auto","background-attachment":"scroll","background-type":"","background-media":"","overlay-type":"","overlay-color":"","overlay-opacity":"","overlay-gradient":""},"tablet":{"background-color":"var(--ast-global-color-5)","background-image":"","background-repeat":"repeat","background-position":"center center","background-size":"auto","background-attachment":"scroll","background-type":"","background-media":"","overlay-type":"","overlay-color":"","overlay-opacity":"","overlay-gradient":""},"mobile":{"background-color":"var(--ast-global-color-5)","background-image":"","background-repeat":"repeat","background-position":"center center","background-size":"auto","background-attachment":"scroll","background-type":"","background-media":"","overlay-type":"","overlay-color":"","overlay-opacity":"","overlay-gradient":""}},"footnotes":""},"folder":[],"class_list":["post-8","page","type-page","status-publish","hentry"],"_links":{"self":[{"href":"https:\/\/www.onlineengineerteaching.com\/fr\/wp-json\/wp\/v2\/pages\/8"}],"collection":[{"href":"https:\/\/www.onlineengineerteaching.com\/fr\/wp-json\/wp\/v2\/pages"}],"about":[{"href":"https:\/\/www.onlineengineerteaching.com\/fr\/wp-json\/wp\/v2\/types\/page"}],"author":[{"embeddable":true,"href":"https:\/\/www.onlineengineerteaching.com\/fr\/wp-json\/wp\/v2\/users\/1"}],"replies":[{"embeddable":true,"href":"https:\/\/www.onlineengineerteaching.com\/fr\/wp-json\/wp\/v2\/comments?post=8"}],"version-history":[{"count":1,"href":"https:\/\/www.onlineengineerteaching.com\/fr\/wp-json\/wp\/v2\/pages\/8\/revisions"}],"predecessor-version":[{"id":85,"href":"https:\/\/www.onlineengineerteaching.com\/fr\/wp-json\/wp\/v2\/pages\/8\/revisions\/85"}],"wp:attachment":[{"href":"https:\/\/www.onlineengineerteaching.com\/fr\/wp-json\/wp\/v2\/media?parent=8"}],"wp:term":[{"taxonomy":"folder","embeddable":true,"href":"https:\/\/www.onlineengineerteaching.com\/fr\/wp-json\/wp\/v2\/folder?post=8"}],"curies":[{"name":"wp","href":"https:\/\/api.w.org\/{rel}","templated":true}]}}